{"id":27800,"date":"2026-04-03T12:23:42","date_gmt":"2026-04-03T12:23:42","guid":{"rendered":"https:\/\/preprod.sts-education.com\/host-family\/why-you-should-be-a-host-family\/"},"modified":"2026-04-15T09:43:26","modified_gmt":"2026-04-15T09:43:26","slug":"darfor-ska-ni-bli-vardfamilj","status":"publish","type":"page","link":"https:\/\/www.sts-education.com\/se\/vardfamilj\/darfor-ska-ni-bli-vardfamilj\/","title":{"rendered":"D\u00e4rf\u00f6r ska ni bli v\u00e4rdfamilj"},"content":{"rendered":"\n<section class=\"wp-block-sts-hero sts-block-hero sts-block-hero is-variant-full-background has-text-light has-background-media\" style=\"--sts-hero-padding-mobile:0px;--sts-hero-padding-desktop:0px;--sts-hero-text-color:var(--wp--preset--color--base-10, #fff)\" data-variant=\"full-background\"><div class=\"sts-block-hero__background\"><picture class=\"sts-responsive-image has-pos-center is-skeleton\"><img src=\"https:\/\/cdn.sts-education.com\/10824_hero_lg_xl.jpg\" alt=\"D\u00e4rf\u00f6r ska ni bli v\u00e4rdfamilj\" loading=\"lazy\" decoding=\"async\" fetchpriority=\"low\" sizes=\"(max-width: 640px) max(100vw, calc(clamp(320px, 100vh, 720px) * 9 \/ 16)), (max-width: 840px) max(100vw, calc(clamp(320px, 100vh, 720px) * 1 \/ 1)), max(100vw, calc(clamp(320px, 100vh, 720px) * 16 \/ 9))\" style=\"object-position:center\"\/><\/picture><span class=\"sts-block-hero__overlay\" aria-hidden=\"true\"><\/span><\/div><div class=\"sts-block-hero__inner\"><div class=\"sts-block-hero__content has-align-center\"><div class=\"sts-block-hero__content-inner\"><h1 class=\"sts-block-hero__heading\">D\u00e4rf\u00f6r ska ni bli v\u00e4rdfamilj<\/h1><\/div><\/div><\/div><\/section>\n\n\n\n<div class=\"wp-block-sts-columns sts-layout-block has-max-width-xlg\"><div class=\"sts-layout-block__columns\">\n<div class=\"wp-block-sts-column sts-layout-block__column sts-layout-block__column--left\">\n<figure class=\"wp-block-sts-image sts-block-image sts-block-image--count-1 has-max-width-md\" data-count=\"1\"><div class=\"sts-block-image__grid\"><div class=\"sts-block-image__item\"><picture class=\"sts-responsive-image has-fit-cover has-pos-top is-skeleton\"><img src=\"https:\/\/cdn.sts-education.com\/12887_generic_100x100.jpg\" alt=\"Ladda ner v\u00e5r broschyr!\" loading=\"lazy\" decoding=\"async\" fetchpriority=\"low\" sizes=\"(max-width: 736px) 100vw, 736px\" style=\"object-position:top\"\/><\/picture><\/div><\/div><\/figure>\n<\/div>\n\n\n\n<div class=\"wp-block-sts-column sts-layout-block__column sts-layout-block__column--right\">\n<section style=\"--action-cta-bg:var(--wp--preset--color--base-10)\" class=\"sts-block-action-cta has-max-width-sm wp-block-sts-action-block-with-cta\"><div class=\"sts-block-action-cta__inner\"><div class=\"sts-block-action-cta__visual\" aria-hidden=\"true\"><span class=\"sts-block-action-cta__visual-symbol\" aria-hidden=\"true\"><svg width=\"48\" height=\"48\" viewBox=\"0 0 64 64\" fill=\"none\" xmlns=\"http:\/\/www.w3.org\/2000\/svg\" style=\"color:currentColor\" focusable=\"false\" aria-hidden=\"true\"><path d=\"M51.2644 5.02899C49.9173 3.40973 48.0403 2.64974 45.8317 2.82433C40.9665 3.21802 38.7408 7.99021 37.6946 13.2828C36.2826 9.541 33.7286 4.42989 30.0601 3.45765C28.6686 3.08793 26.5488 3.14955 24.3676 5.53565C20.6204 9.63343 22.8461 16.8602 25.4343 22.5841C23.4957 22.4369 21.1948 23.3304 19.7315 26.2882C19.6494 26.4559 19.5708 26.6305 19.499 26.8085C18.6921 26.093 17.7622 25.5967 16.7741 25.4255C15.6322 25.2235 12.7773 25.2132 10.955 29.4069C9.87123 31.8991 10.4012 36.2947 12.3226 39.0882C12.6064 48.9167 12.8423 56.6775 22.6615 60.3303C24.2205 60.9122 26.2924 61.1998 28.5558 61.1998C30.9764 61.1998 33.6226 60.8712 36.1082 60.2139C42.3786 58.5604 46.9736 55.0548 49.0558 50.3443C52.4986 42.5458 52.8474 36.3255 50.0985 31.8546C49.7772 31.3342 49.4216 30.855 49.0353 30.4099C50.7447 27.1201 51.9926 22.8751 52.9192 19.4106C53.7363 16.3467 54.4064 8.80155 51.2644 5.02899ZM27.1437 8.07922C28.2446 6.87419 28.8874 7.04193 29.0994 7.10013C31.6533 7.77796 34.5526 14.7788 35.3253 18.185C35.8586 20.5301 36.1766 22.9675 36.433 25.3912C34.9184 25.3159 33.0038 25.3194 31.2362 25.8226C29.1643 21.8652 23.947 11.5813 27.1472 8.08264L27.1437 8.07922ZM23.0991 27.9588C23.4581 27.2365 24.2308 26.0725 25.4103 26.3772C26.2172 26.586 27.007 27.4213 27.2361 28.7017C26.6548 29.6842 26.354 30.8515 26.354 32.1969C26.354 33.6587 26.6719 34.8535 27.1984 35.8394C27.0788 36.37 26.8771 36.7706 26.6138 36.9725C26.3403 37.1814 25.9061 37.2259 25.3249 37.1095C24.477 36.9383 23.7829 36.3118 23.2667 35.254C22.1589 32.9912 22.2888 29.5952 23.0991 27.9622V27.9588ZM14.4047 30.9063C14.6441 30.3552 15.2629 29.1227 16.0082 29.1227C16.0458 29.1227 16.0869 29.1227 16.1245 29.133C17.1057 29.3042 18.381 30.9987 18.5006 32.8405C18.5246 33.2445 18.5656 33.6382 18.5998 34.0182C18.7913 35.9763 18.7536 36.548 17.981 37.219C16.8322 38.2221 16.3467 37.8626 16.0835 37.6709C14.4936 36.5035 13.7004 32.5222 14.4013 30.8995L14.4047 30.9063ZM45.6197 48.8209C44.6898 50.9297 42.0914 54.7399 35.1543 56.5714C30.6242 57.7662 26.101 57.5916 23.9744 56.8008C17.4647 54.3804 16.5177 50.2416 16.1723 41.6386C16.3399 41.6592 16.5142 41.6728 16.6954 41.6728C17.7758 41.6728 19.0614 41.2792 20.4563 40.0639C20.8324 39.7352 21.1332 39.3963 21.3862 39.054C22.2786 39.9577 23.3556 40.5534 24.583 40.8033C25.0582 40.8992 25.4958 40.9402 25.8992 40.9402C27.2839 40.9402 28.2652 40.4473 28.8908 39.9748C29.349 39.6257 29.7387 39.1943 30.0567 38.6945C31.3935 39.4819 32.9183 39.9612 34.3133 40.3069C31.7764 42.5561 30.3986 45.1852 30.1251 48.2594C30.0328 49.2967 30.7986 50.2108 31.8311 50.2998C32.8671 50.3922 33.7799 49.6254 33.8688 48.5915C34.1389 45.5344 35.9544 43.2134 39.7562 41.0669C40.4093 40.6972 40.7819 39.9749 40.7033 39.2251C40.6246 38.4754 40.105 37.8489 39.387 37.6264C38.6348 37.3936 37.7903 37.2156 36.8946 37.0273C32.2072 36.0345 30.1148 35.1034 30.1148 32.1969C30.1148 30.9885 30.508 30.4715 30.8054 30.1908C31.6738 29.3658 33.503 29.0132 36.245 29.1501C41.5649 29.4171 45.1479 30.9919 46.895 33.8299C48.9293 37.1334 48.4848 42.3164 45.6163 48.8209H45.6197ZM49.2883 18.4418C48.4848 21.4544 47.4249 25.0866 46.0676 27.9451C44.3137 26.901 42.3478 26.2574 40.4195 25.8705C40.4332 25.4905 40.4434 25.0763 40.4571 24.6176C40.5939 19.7974 40.9563 6.99743 46.136 6.57978C47.1241 6.50104 47.8181 6.76464 48.3788 7.44247C50.3174 9.77037 50.0062 15.7476 49.2883 18.4418Z\" fill=\"currentColor\"><\/path><\/svg><\/span><\/div><div class=\"sts-block-action-cta__content\"><h4 class=\"sts-block-action-cta__heading\">Ladda ner v\u00e5r broschyr!<\/h4><p class=\"sts-block-action-cta__preamble\">L\u00e4s allt om att vara v\u00e4rdfamilj med STS, en tid som kommer bli ditt livs \u00e4ventyr! Best\u00e4ll v\u00e5r broschyr nu s\u00e5 skickar vi v\u00e5r digitala broschyr till dig.<\/p><div class=\"sts-block-action-cta__cta-group\"><a class=\"sts-cta sts-cta--filled sts-block-action-cta__primary-cta\" href=\"https:\/\/www.sts-education.com\/se\/high-school\/bestall-en-broschyr\/\" target=\"_self\" rel=\"noopener\" style=\"--sts-cta-color:var(--wp--preset--color--accent-10, #FFF04F);--sts-cta-color-hover:var(--wp--preset--color--accent-15, #FFFB8F);--sts-cta-text-color:var(--wp--preset--color--base-90, #000000);--sts-cta-outline-color:var(--wp--preset--color--base-90, #000000);--sts-cta-link-color:var(--wp--preset--color--accent-10, #FFF04F);--sts-cta-link-hover:var(--wp--preset--color--base-90, #000000)\"><span class=\"sts-cta__label\">Ladda ner broschyr<\/span><\/a><\/div><\/div><\/div><\/section>\n<\/div>\n<\/div><\/div>\n\n\n\n<div class=\"wp-block-sts-text sts-text-editor has-max-width-md\"><div class=\"sts-text-editor__content\"><div class=\"sts-text-editor__content-inner\">\n<p>De som tar emot en utbyteselev fr\u00e5n ett annat land f\u00e5r inte bara en ny familjemedlem. De l\u00e4r ocks\u00e5 k\u00e4nna en annan kultur, f\u00e5r se sin egen stad, sitt s\u00e4tt att leva och sina v\u00e4rderingar med nya \u00f6gon. Genom att bli v\u00e4rdf\u00f6r\u00e4lder eller v\u00e4rdfamilj i 3-10 m\u00e5nader f\u00f6r en internationell utbyteselev mellan 14\u201318 \u00e5r kommer du inte bara f\u00e5 en v\u00e4n och ett extra internationellt syskon i familjen, ni skapar ocks\u00e5 m\u00e5nga h\u00e4rliga minnen tillsammans. F\u00f6r eleven inneb\u00e4r vistelsen i ditt hemland m\u00e5nga annorlunda \u00e4ventyr i vardagen och som v\u00e4rdfamilj blir du en stor del av elevens upplevelse.<\/p>\n<p>F\u00f6r m\u00e5nga familjer \u00e4r detta dessutom en fantastik m\u00f6jlighet att f\u00f6rbereda sig f\u00f6r sina barns kommande utbytes\u00e5r, och d\u00e5 f\u00e5r ni \u00e4ven m\u00f6jligheten att utnyttja v\u00e5r <a href=\"https:\/\/www.sts-education.com\/se\/darfor-ska-ni-bli-vardfamilj\/ersattning-host-and-go\/\">Host &amp; Go<\/a> rabatt. Berika din vardag och \u00f6ppna upp ditt hem f\u00f6r en av v\u00e5ra utbyteselever fr\u00e5n hela v\u00e4rlden!<\/p>\n<h2>6 anledningar till varf\u00f6r just din familj ska bli v\u00e4rdfamilj:<\/h2>\n<ol>\n<li>Ni vill l\u00e4ra k\u00e4nna en ung person fr\u00e5n ett annat land<\/li>\n<li>Ni vill l\u00e4ra er mer om andra kulturer<\/li>\n<li>Ni vill l\u00e4ra er mer om v\u00e4rlden och f\u00e5 ett annat perspektiv<\/li>\n<li>Ni \u00e4r intresserade av andra spr\u00e5k<\/li>\n<li>Ni vill f\u00e5 mer f\u00f6rst\u00e5else f\u00f6r vad ett utbytes\u00e5r inneb\u00e4r<\/li>\n<li>Ni vill hj\u00e4lpa till och se hur en annan person utvecklas som person under sitt utbytes\u00e5r<\/li>\n<\/ol>\n<p>B\u00e5de till h\u00f6sten och v\u00e5ren kommer nya elever till Sverige fr\u00e5n exempelvis USA, Brasilien, Japan, Tyskland och Italien. Sj\u00e4lvklart f\u00e5r du som v\u00e4rdfamilj v\u00e4lja vilken elev du vill bjuda hem till dig, s\u00e5 passa p\u00e5 att <a href=\"https:\/\/www.sts-education.com\/se\/vardfamilj\/lar-kanna-vara-elever\/\">l\u00e4sa mer och l\u00e4r k\u00e4nna eleverna<\/a> f\u00f6r att se om n\u00e5gon av dem passar in just din familj!<\/p>\n<p>Anm\u00e4l dig g\u00e4rna ocks\u00e5 till ett av v\u00e5ra <a href=\"https:\/\/www.sts-education.com\/se\/darfor-ska-ni-bli-vardfamilj\/informationsmoten\/\">webinar<\/a> d\u00e4r vi ber\u00e4ttar mer om hur det \u00e4r att vara v\u00e4rdfamilj. Du kan ocks\u00e5 l\u00e4sa v\u00e5ra <a href=\"https:\/\/www.sts-education.com\/se\/vardfamilj\/faq\/\">fr\u00e5gor och svar<\/a> samt om hur v\u00e5ra <a href=\"https:\/\/www.sts-education.com\/se\/vardfamilj\/family-stories\/tidigare-vardfamiljer-berattar\/\">tidigare v\u00e4rdfamiljer<\/a> har upplevt sitt \u00e5r med en utbyteselev hemma.<\/p>\n<\/div><\/div><\/div>\n\n\n\n<section class=\"wp-block-sts-video sts-block-video sts-block-video--landscape has-max-width-lg\"><div class=\"sts-video sts-video--landscape\"><div class=\"sts-video__handler\"><button type=\"button\" class=\"sts-video__play-button\" aria-label=\"Play video\" aria-pressed=\"false\" data-playing=\"false\"><span class=\"sts-video__play-icon\"><img decoding=\"async\" class=\"play-icon\" src=\"data:image\/svg+xml,%3csvg%20width='32'%20height='32'%20viewBox='0%200%2032%2032'%20fill='none'%20xmlns='http:\/\/www.w3.org\/2000\/svg'%3e%3cmask%20id='mask0_2459_8201'%20style='mask-type:alpha'%20maskUnits='userSpaceOnUse'%20x='0'%20y='0'%20width='32'%20height='32'%3e%3crect%20width='32'%20height='32'%20fill='%23D9D9D9'\/%3e%3c\/mask%3e%3cg%20mask='url(%23mask0_2459_8201)'%3e%3cpath%20d='M10.667%2022.8999V9.09993C10.667%208.72216%2010.8003%208.40549%2011.067%208.14993C11.3337%207.89438%2011.6448%207.7666%2012.0003%207.7666C12.1114%207.7666%2012.2281%207.78327%2012.3503%207.8166C12.4725%207.84993%2012.5892%207.89993%2012.7003%207.9666L23.567%2014.8666C23.767%2014.9999%2023.917%2015.1666%2024.017%2015.3666C24.117%2015.5666%2024.167%2015.7777%2024.167%2015.9999C24.167%2016.2222%2024.117%2016.4333%2024.017%2016.6333C23.917%2016.8333%2023.767%2016.9999%2023.567%2017.1333L12.7003%2024.0333C12.5892%2024.0999%2012.4725%2024.1499%2012.3503%2024.1833C12.2281%2024.2166%2012.1114%2024.2333%2012.0003%2024.2333C11.6448%2024.2333%2011.3337%2024.1055%2011.067%2023.8499C10.8003%2023.5944%2010.667%2023.2777%2010.667%2022.8999Z'%20fill='black'\/%3e%3c\/g%3e%3c\/svg%3e\" alt=\"\" aria-hidden=\"true\"\/><img decoding=\"async\" class=\"pause-icon\" src=\"data:image\/svg+xml,%3csvg%20width='32'%20height='32'%20viewBox='0%200%2032%2032'%20fill='none'%20xmlns='http:\/\/www.w3.org\/2000\/svg'%3e%3cmask%20id='mask0_pause'%20style='mask-type:alpha'%20maskUnits='userSpaceOnUse'%20x='0'%20y='0'%20width='32'%20height='32'%3e%3crect%20width='32'%20height='32'%20fill='%23D9D9D9'\/%3e%3c\/mask%3e%3cg%20mask='url(%23mask0_pause)'%3e%3c!--%20Left%20bar%20--%3e%3crect%20x='10'%20y='8'%20width='4'%20height='16'%20rx='1'%20fill='black'\/%3e%3c!--%20Right%20bar%20--%3e%3crect%20x='18'%20y='8'%20width='4'%20height='16'%20rx='1'%20fill='black'\/%3e%3c\/g%3e%3c\/svg%3e\" alt=\"\" aria-hidden=\"true\"\/><\/span><\/button><strong class=\"sts-video__duration\" data-duration-prefix=\"Video duration:\" data-unit-second=\"second\" data-unit-seconds=\"seconds\" data-unit-minute=\"minute\" data-unit-minutes=\"minutes\" aria-label=\"Video duration: 40 seconds\">40 secs<\/strong><\/div><div class=\"sts-video__media\" data-video-source=\"youtube\" data-video-url=\"\"><div class=\"sts-video__external-shell\" data-embed-url=\"https:\/\/www.youtube.com\/embed\/coOrERY2fiY?rel=0&amp;controls=1&amp;modestbranding=1&amp;playsinline=1&amp;enablejsapi=1&amp;autoplay=0&amp;origin=https%3A%2F%2Fwww.sts-education.com\"><iframe class=\"sts-video__iframe\" src=\"https:\/\/www.youtube.com\/embed\/coOrERY2fiY?rel=0&amp;controls=1&amp;modestbranding=1&amp;playsinline=1&amp;enablejsapi=1&amp;autoplay=0&amp;origin=https%3A%2F%2Fwww.sts-education.com\" title=\"Video poster\nheading\" allow=\"autoplay; fullscreen\" allowfullscreen loading=\"lazy\" data-provider=\"youtube\" data-embed-url=\"https:\/\/www.youtube.com\/embed\/coOrERY2fiY?rel=0&amp;controls=1&amp;modestbranding=1&amp;playsinline=1&amp;enablejsapi=1&amp;autoplay=0&amp;origin=https%3A%2F%2Fwww.sts-education.com\"><\/iframe><\/div><\/div><\/div><\/section>\n","protected":false},"excerpt":{"rendered":"","protected":false},"author":9,"featured_media":9456,"parent":27777,"menu_order":0,"comment_status":"closed","ping_status":"closed","template":"","meta":{"_acf_changed":false,"sts_page_background_color":"","footnotes":""},"wpw_page_folders":[89],"class_list":["post-27800","page","type-page","status-publish","has-post-thumbnail","hentry"],"acf":[],"yoast_head":"<!-- This site is optimized with the Yoast SEO Premium plugin v27.2 (Yoast SEO v27.3) - https:\/\/yoast.com\/product\/yoast-seo-premium-wordpress\/ -->\n<title>6 anledningar varf\u00f6r ni ska bli v\u00e4rdfamilj<\/title>\n<meta name=\"description\" content=\"Du f\u00e5r inte bara en ny familjemedlem. Du f\u00e5r ocks\u00e5 l\u00e4ra k\u00e4nna en person fr\u00e5n ett annat land, l\u00e4ra om andra kulturer och du f\u00e5r se sin stad med andra \u00f6gon.\" \/>\n<meta name=\"robots\" content=\"index, follow, max-snippet:-1, max-image-preview:large, max-video-preview:-1\" \/>\n<link rel=\"canonical\" href=\"https:\/\/www.sts-education.com\/se\/vardfamilj\/darfor-ska-ni-bli-vardfamilj\/\" \/>\n<meta property=\"og:locale\" content=\"sv_SE\" \/>\n<meta property=\"og:type\" content=\"article\" \/>\n<meta property=\"og:title\" content=\"D\u00e4rf\u00f6r ska ni bli v\u00e4rdfamilj\" \/>\n<meta property=\"og:description\" content=\"Du f\u00e5r inte bara en ny familjemedlem. Du f\u00e5r ocks\u00e5 l\u00e4ra k\u00e4nna en person fr\u00e5n ett annat land, l\u00e4ra om andra kulturer och du f\u00e5r se sin stad med andra \u00f6gon.\" \/>\n<meta property=\"og:url\" content=\"https:\/\/www.sts-education.com\/se\/vardfamilj\/darfor-ska-ni-bli-vardfamilj\/\" \/>\n<meta property=\"og:site_name\" content=\"STS Education\" \/>\n<meta property=\"article:modified_time\" content=\"2026-04-15T09:43:26+00:00\" \/>\n<meta property=\"og:image\" content=\"https:\/\/powered-by.qbank.se\/educatius\/sts\/\/6458ed5e1bb03b8da47c065c2f647b26_1-1-thumb.webp\" \/>\n\t<meta property=\"og:image:width\" content=\"150\" \/>\n\t<meta property=\"og:image:height\" content=\"150\" \/>\n\t<meta property=\"og:image:type\" content=\"image\/jpeg\" \/>\n<meta name=\"twitter:card\" content=\"summary_large_image\" \/>\n<meta name=\"twitter:label1\" content=\"Ber\u00e4knad l\u00e4stid\" \/>\n\t<meta name=\"twitter:data1\" content=\"3 minuter\" \/>\n<script type=\"application\/ld+json\" class=\"yoast-schema-graph\">{\"@context\":\"https:\\\/\\\/schema.org\",\"@graph\":[{\"@type\":\"WebPage\",\"@id\":\"https:\\\/\\\/www.sts-education.com\\\/se\\\/vardfamilj\\\/darfor-ska-ni-bli-vardfamilj\\\/\",\"url\":\"https:\\\/\\\/www.sts-education.com\\\/se\\\/vardfamilj\\\/darfor-ska-ni-bli-vardfamilj\\\/\",\"name\":\"6 anledningar varf\u00f6r ni ska bli v\u00e4rdfamilj\",\"isPartOf\":{\"@id\":\"https:\\\/\\\/www.sts-education.com\\\/se\\\/#website\"},\"primaryImageOfPage\":{\"@id\":\"https:\\\/\\\/www.sts-education.com\\\/se\\\/vardfamilj\\\/darfor-ska-ni-bli-vardfamilj\\\/#primaryimage\"},\"image\":{\"@id\":\"https:\\\/\\\/www.sts-education.com\\\/se\\\/vardfamilj\\\/darfor-ska-ni-bli-vardfamilj\\\/#primaryimage\"},\"thumbnailUrl\":\"https:\\\/\\\/powered-by.qbank.se\\\/educatius\\\/sts\\\/\\\/6458ed5e1bb03b8da47c065c2f647b26_1-1-thumb.webp\",\"datePublished\":\"2026-04-03T12:23:42+00:00\",\"dateModified\":\"2026-04-15T09:43:26+00:00\",\"description\":\"Du f\u00e5r inte bara en ny familjemedlem. Du f\u00e5r ocks\u00e5 l\u00e4ra k\u00e4nna en person fr\u00e5n ett annat land, l\u00e4ra om andra kulturer och du f\u00e5r se sin stad med andra \u00f6gon.\",\"breadcrumb\":{\"@id\":\"https:\\\/\\\/www.sts-education.com\\\/se\\\/vardfamilj\\\/darfor-ska-ni-bli-vardfamilj\\\/#breadcrumb\"},\"inLanguage\":\"sv-SE\",\"potentialAction\":[{\"@type\":\"ReadAction\",\"target\":[\"https:\\\/\\\/www.sts-education.com\\\/se\\\/vardfamilj\\\/darfor-ska-ni-bli-vardfamilj\\\/\"]}]},{\"@type\":\"ImageObject\",\"inLanguage\":\"sv-SE\",\"@id\":\"https:\\\/\\\/www.sts-education.com\\\/se\\\/vardfamilj\\\/darfor-ska-ni-bli-vardfamilj\\\/#primaryimage\",\"url\":\"https:\\\/\\\/powered-by.qbank.se\\\/educatius\\\/sts\\\/\\\/6458ed5e1bb03b8da47c065c2f647b26_1-1-thumb.webp\",\"contentUrl\":\"https:\\\/\\\/powered-by.qbank.se\\\/educatius\\\/sts\\\/\\\/6458ed5e1bb03b8da47c065c2f647b26_1-1-thumb.webp\",\"width\":150,\"height\":150},{\"@type\":\"BreadcrumbList\",\"@id\":\"https:\\\/\\\/www.sts-education.com\\\/se\\\/vardfamilj\\\/darfor-ska-ni-bli-vardfamilj\\\/#breadcrumb\",\"itemListElement\":[{\"@type\":\"ListItem\",\"position\":1,\"name\":\"Home\",\"item\":\"https:\\\/\\\/www.sts-education.com\\\/se\\\/\"},{\"@type\":\"ListItem\",\"position\":2,\"name\":\"V\u00e4rdfamilj\",\"item\":\"https:\\\/\\\/www.sts-education.com\\\/se\\\/vardfamilj\\\/\"},{\"@type\":\"ListItem\",\"position\":3,\"name\":\"D\u00e4rf\u00f6r ska ni bli v\u00e4rdfamilj\"}]},{\"@type\":\"WebSite\",\"@id\":\"https:\\\/\\\/www.sts-education.com\\\/se\\\/#website\",\"url\":\"https:\\\/\\\/www.sts-education.com\\\/se\\\/\",\"name\":\"STS Education\",\"description\":\"\",\"potentialAction\":[{\"@type\":\"SearchAction\",\"target\":{\"@type\":\"EntryPoint\",\"urlTemplate\":\"https:\\\/\\\/www.sts-education.com\\\/se\\\/?s={search_term_string}\"},\"query-input\":{\"@type\":\"PropertyValueSpecification\",\"valueRequired\":true,\"valueName\":\"search_term_string\"}}],\"inLanguage\":\"sv-SE\"}]}<\/script>\n<!-- \/ Yoast SEO Premium plugin. -->","yoast_head_json":{"title":"6 anledningar varf\u00f6r ni ska bli v\u00e4rdfamilj","description":"Du f\u00e5r inte bara en ny familjemedlem. Du f\u00e5r ocks\u00e5 l\u00e4ra k\u00e4nna en person fr\u00e5n ett annat land, l\u00e4ra om andra kulturer och du f\u00e5r se sin stad med andra \u00f6gon.","robots":{"index":"index","follow":"follow","max-snippet":"max-snippet:-1","max-image-preview":"max-image-preview:large","max-video-preview":"max-video-preview:-1"},"canonical":"https:\/\/www.sts-education.com\/se\/vardfamilj\/darfor-ska-ni-bli-vardfamilj\/","og_locale":"sv_SE","og_type":"article","og_title":"D\u00e4rf\u00f6r ska ni bli v\u00e4rdfamilj","og_description":"Du f\u00e5r inte bara en ny familjemedlem. Du f\u00e5r ocks\u00e5 l\u00e4ra k\u00e4nna en person fr\u00e5n ett annat land, l\u00e4ra om andra kulturer och du f\u00e5r se sin stad med andra \u00f6gon.","og_url":"https:\/\/www.sts-education.com\/se\/vardfamilj\/darfor-ska-ni-bli-vardfamilj\/","og_site_name":"STS Education","article_modified_time":"2026-04-15T09:43:26+00:00","og_image":[{"width":150,"height":150,"url":"https:\/\/powered-by.qbank.se\/educatius\/sts\/\/6458ed5e1bb03b8da47c065c2f647b26_1-1-thumb.webp","type":"image\/jpeg"}],"twitter_card":"summary_large_image","twitter_misc":{"Ber\u00e4knad l\u00e4stid":"3 minuter"},"schema":{"@context":"https:\/\/schema.org","@graph":[{"@type":"WebPage","@id":"https:\/\/www.sts-education.com\/se\/vardfamilj\/darfor-ska-ni-bli-vardfamilj\/","url":"https:\/\/www.sts-education.com\/se\/vardfamilj\/darfor-ska-ni-bli-vardfamilj\/","name":"6 anledningar varf\u00f6r ni ska bli v\u00e4rdfamilj","isPartOf":{"@id":"https:\/\/www.sts-education.com\/se\/#website"},"primaryImageOfPage":{"@id":"https:\/\/www.sts-education.com\/se\/vardfamilj\/darfor-ska-ni-bli-vardfamilj\/#primaryimage"},"image":{"@id":"https:\/\/www.sts-education.com\/se\/vardfamilj\/darfor-ska-ni-bli-vardfamilj\/#primaryimage"},"thumbnailUrl":"https:\/\/powered-by.qbank.se\/educatius\/sts\/\/6458ed5e1bb03b8da47c065c2f647b26_1-1-thumb.webp","datePublished":"2026-04-03T12:23:42+00:00","dateModified":"2026-04-15T09:43:26+00:00","description":"Du f\u00e5r inte bara en ny familjemedlem. Du f\u00e5r ocks\u00e5 l\u00e4ra k\u00e4nna en person fr\u00e5n ett annat land, l\u00e4ra om andra kulturer och du f\u00e5r se sin stad med andra \u00f6gon.","breadcrumb":{"@id":"https:\/\/www.sts-education.com\/se\/vardfamilj\/darfor-ska-ni-bli-vardfamilj\/#breadcrumb"},"inLanguage":"sv-SE","potentialAction":[{"@type":"ReadAction","target":["https:\/\/www.sts-education.com\/se\/vardfamilj\/darfor-ska-ni-bli-vardfamilj\/"]}]},{"@type":"ImageObject","inLanguage":"sv-SE","@id":"https:\/\/www.sts-education.com\/se\/vardfamilj\/darfor-ska-ni-bli-vardfamilj\/#primaryimage","url":"https:\/\/powered-by.qbank.se\/educatius\/sts\/\/6458ed5e1bb03b8da47c065c2f647b26_1-1-thumb.webp","contentUrl":"https:\/\/powered-by.qbank.se\/educatius\/sts\/\/6458ed5e1bb03b8da47c065c2f647b26_1-1-thumb.webp","width":150,"height":150},{"@type":"BreadcrumbList","@id":"https:\/\/www.sts-education.com\/se\/vardfamilj\/darfor-ska-ni-bli-vardfamilj\/#breadcrumb","itemListElement":[{"@type":"ListItem","position":1,"name":"Home","item":"https:\/\/www.sts-education.com\/se\/"},{"@type":"ListItem","position":2,"name":"V\u00e4rdfamilj","item":"https:\/\/www.sts-education.com\/se\/vardfamilj\/"},{"@type":"ListItem","position":3,"name":"D\u00e4rf\u00f6r ska ni bli v\u00e4rdfamilj"}]},{"@type":"WebSite","@id":"https:\/\/www.sts-education.com\/se\/#website","url":"https:\/\/www.sts-education.com\/se\/","name":"STS Education","description":"","potentialAction":[{"@type":"SearchAction","target":{"@type":"EntryPoint","urlTemplate":"https:\/\/www.sts-education.com\/se\/?s={search_term_string}"},"query-input":{"@type":"PropertyValueSpecification","valueRequired":true,"valueName":"search_term_string"}}],"inLanguage":"sv-SE"}]}},"_links":{"self":[{"href":"https:\/\/www.sts-education.com\/se\/wp-json\/wp\/v2\/pages\/27800","targetHints":{"allow":["GET"]}}],"collection":[{"href":"https:\/\/www.sts-education.com\/se\/wp-json\/wp\/v2\/pages"}],"about":[{"href":"https:\/\/www.sts-education.com\/se\/wp-json\/wp\/v2\/types\/page"}],"author":[{"embeddable":true,"href":"https:\/\/www.sts-education.com\/se\/wp-json\/wp\/v2\/users\/9"}],"replies":[{"embeddable":true,"href":"https:\/\/www.sts-education.com\/se\/wp-json\/wp\/v2\/comments?post=27800"}],"version-history":[{"count":7,"href":"https:\/\/www.sts-education.com\/se\/wp-json\/wp\/v2\/pages\/27800\/revisions"}],"predecessor-version":[{"id":35740,"href":"https:\/\/www.sts-education.com\/se\/wp-json\/wp\/v2\/pages\/27800\/revisions\/35740"}],"up":[{"embeddable":true,"href":"https:\/\/www.sts-education.com\/se\/wp-json\/wp\/v2\/pages\/27777"}],"wp:featuredmedia":[{"embeddable":true,"href":"https:\/\/www.sts-education.com\/se\/wp-json\/wp\/v2\/media\/9456"}],"wp:attachment":[{"href":"https:\/\/www.sts-education.com\/se\/wp-json\/wp\/v2\/media?parent=27800"}],"wp:term":[{"taxonomy":"wpw_page_folders","embeddable":true,"href":"https:\/\/www.sts-education.com\/se\/wp-json\/wp\/v2\/wpw_page_folders?post=27800"}],"curies":[{"name":"wp","href":"https:\/\/api.w.org\/{rel}","templated":true}]}}